{"id":1006,"date":"2019-04-29T13:26:16","date_gmt":"2019-04-29T10:26:16","guid":{"rendered":"https:\/\/lvngroom.fi\/tietosuojaseloste\/"},"modified":"2019-04-29T14:58:22","modified_gmt":"2019-04-29T11:58:22","slug":"tietosuojaseloste","status":"publish","type":"page","link":"https:\/\/www.lvngroom.fi\/sv\/tietosuojaseloste\/","title":{"rendered":"Dataskyddsreferat"},"content":{"rendered":"<div id=\"sisalto-view-sisalto0\" class=\"sisaltoalue_content\">\n<h1>Register- och dataskyddsreferat<\/h1>\n<p>V\u00e5ra dataskyddsprinciper f\u00f6ljer EU:s allm\u00e4nna dataskyddsf\u00f6rordning och nationell dataskyddslagstiftning.<\/p>\n<h3>1. Registeruppr\u00e4tth\u00e5llare<\/h3>\n<p>Lvngroom Oy<\/p>\n<p>L\u00f6jtnantsstigen 9<br \/>\n00410 Helsingfors<br \/>\nwww.lvngroom.fi<\/p>\n<h3>2. Ansvarig f\u00f6r register<\/h3>\n<p>Karri Anttila<br \/>\nkarri.anttila@lvngroom.fi<br \/>\n+358400944353<\/p>\n<h3>3. Registerns namn<\/h3>\n<p>F\u00f6retagets kundregister och marknadsf\u00f6ringsregister.<\/p>\n<h3>4. R\u00e4ttsliga grunder f\u00f6r behandling av personuppgifter<\/h3>\n<p>Grunden f\u00f6r EU:s allm\u00e4nna dataskyddsf\u00f6rordning \u00e4r<br \/>\n&#8211; samtycke av den registrerade<br \/>\n&#8211; ett avtal<br \/>\n&#8211; ett ber\u00e4ttigat intresse hos den personuppgiftsansvarige eller en tredje part (t.ex. kundf\u00f6rh\u00e5llande, arbetsf\u00f6rh\u00e5llande, medlemsskap).<\/p>\n<p>Behandlingen av personuppgifter \u00e4r \u00e4mnat f\u00f6r att h\u00e5lla kontakten med kunder, uppeh\u00e5lla kundf\u00f6rh\u00e5llanden, marknadsf\u00f6ring samt \u00e5tg\u00e4rder i samband med kundkontakt och marknadsf\u00f6ring. Uppgifterna \u00f6verl\u00e5ts inte och s\u00e4ljs inte till parter utanf\u00f6r Lvngroom Oy.<\/p>\n<h3>5. Registerns informationsinneh\u00e5ll<\/h3>\n<p>De uppgifter som sparas i registret \u00e4r: personens namn, position p\u00e5 arbetsplatsen, f\u00f6retag\/organisation, kontaktuppgifter (telefon, epost, adress), www-sidornas adresser, profiler i sociala medier, information om tj\u00e4nster\/produkter k\u00f6pta samt \u00e4ndringar i dessa, faktureringsuppgifter, andra uppgifter som direkt har med de k\u00f6pta tj\u00e4nsterna\/produkterna i s\u00e5dan m\u00e5n som kunden sj\u00e4lv eller organisationen som hen representerar har l\u00e4mnat oss.<\/p>\n<p>Sajten samlar inte automatiskt information till annat \u00e4n allm\u00e4n data f\u00f6r analytik, dessa anv\u00e4nder vi verktyg s\u00e5 som Google Analytics.<\/p>\n<h3>6. Lagbundna informationsk\u00e4llor<\/h3>\n<p>Information som samlas i registret f\u00e5s av kunden med bl.a. www-formul\u00e4r som skickats in via webbsidan, per epost, per telefon, via sociala medier, genom kontrakt, genom kundm\u00f6ten och fr\u00e5n andra situationer d\u00e4r kunden ger sina uppgifter till oss.<\/p>\n<h3>7. Lagbundenhet i att dela informationen utanf\u00f6r EU- och ETA-omr\u00e5den<\/h3>\n<p>Informationen delas inte till andra parter. Informationen kan publiceras i den m\u00e5n som vi kommit \u00f6verens om med kunden.<\/p>\n<p>Informationen kan flyttas av registeruppr\u00e4tth\u00e5llaren \u00e4ven till omr\u00e5den utanf\u00f6r EU och ETA.<\/p>\n<h3>8. Principer f\u00f6r att skydda registret<\/h3>\n<p>Registren skyddas genom att jobba ordningsamt och genom att datasystemen med vilka uppgifterna behandlas skyddas vederb\u00f6rligt. N\u00e4r registerinformation f\u00f6rvaras p\u00e5 online-servrar, sk\u00f6ts den fysiska lagringsplatsen samt det digitala dataskyddet p\u00e5 ett relevant s\u00e4tt. Registeruppr\u00e4tth\u00e5llaren ser till att den sparade informationen samt tillg\u00e5ngen till servrarna och andrauppgifter som \u00e4r kritiska n\u00e4r det g\u00e4ller personuppgifter bandlas p\u00e5 ett konfidentiellt och s\u00e4kert s\u00e4tt, s\u00e5 att endast de arbetare som b\u00f6r komma \u00e5t informationen kommer \u00e5t informationen.<\/p>\n<h3>9. R\u00e4tt att kontrollera och r\u00e4tta informationen<\/h3>\n<p>Alla som finns med i registret har r\u00e4tt att kontrollera den information om sig sj\u00e4lv som finns i registret samt att vid behov f\u00e5 uppgifterna r\u00e4ttade eller uppdaterade. Om personen vill kontrollera vad som sparats om hen eller om hen vill r\u00e4tta eller uppdatera uppgifterna, b\u00f6r detta beg\u00e4ras skriftligt till registeruppr\u00e4tth\u00e5llaren. Registeruppr\u00e4tth\u00e5llaren kan vid behov beg\u00e4ra att den som vill kontrollera sina uppgifter i registret visar id. Registeruppr\u00e4tth\u00e5llaren b\u00f6r svara inom den tid som EU:s dataskyddsf\u00f6rordning kr\u00e4ver (i huvudsak inom en m\u00e5nad).<\/p>\n<h3>10. Andra r\u00e4ttigheter n\u00e4r det g\u00e4ller personuppgifter<\/h3>\n<p>Den som finns i registret har r\u00e4tt att kr\u00e4va att informationen tas bort fr\u00e5n registret (&#8221;r\u00e4tt att bli gl\u00f6md&#8221;). Likas\u00e5 den som finns i registret har \u00e4ven andra r\u00e4ttigheter enligt <a href=\"https:\/\/eur-lex.europa.eu\/legal-content\/sv\/TXT\/?uri=CELEX%3A32016R0679#d1e2144-1-1\" target=\"_blank\" rel=\"noopener noreferrer\">EU:s allm\u00e4nna dataskyddsf\u00f6reskrift<\/a> s\u00e5 som att begr\u00e4nsa behandlingen av personuppgifter i vissa fall. \u00c4ven beg\u00e4ran av den h\u00e4r typens uppgifter b\u00f6r g\u00f6ras skriftligt till registeruppr\u00e4tth\u00e5llaren. Registeruppr\u00e4tth\u00e5llaren kan vid behov beg\u00e4ra att den andra parten uppvisar ett id. Registeruppr\u00e4tth\u00e5llaren b\u00f6r svara inom den tid som EU:s dataskyddsf\u00f6rordning kr\u00e4ver (i huvudsak inom en m\u00e5nad).<\/p>\n<p style=\"text-align: center; font-size: xx-small;\">Basen f\u00f6r den finska mallen \u00e4r gjord av Harto P\u00f6nk\u00e4, <a href=\"http:\/\/www.innowise.fi\">Innowise Oy<\/a>.<\/p>\n<\/div>\n<span class=\"et_bloom_bottom_trigger\"><\/span>","protected":false},"excerpt":{"rendered":"<p>Register- och dataskyddsreferat V\u00e5ra dataskyddsprinciper f\u00f6ljer EU:s allm\u00e4nna dataskyddsf\u00f6rordning och nationell dataskyddslagstiftning. 1. Registeruppr\u00e4tth\u00e5llare Lvngroom Oy L\u00f6jtnantsstigen 9 00410 Helsingfors www.lvngroom.fi 2. Ansvarig f\u00f6r register Karri Anttila karri.anttila@lvngroom.fi +358400944353 3. Registerns namn F\u00f6retagets kundregister och marknadsf\u00f6ringsregister. 4. R\u00e4ttsliga grunder f\u00f6r behandling av personuppgifter Grunden f\u00f6r EU:s allm\u00e4nna dataskyddsf\u00f6rordning \u00e4r &#8211; samtycke av den registrerade &#8211; [&hellip;]<\/p>\n","protected":false},"author":1,"featured_media":0,"parent":0,"menu_order":0,"comment_status":"closed","ping_status":"closed","template":"","meta":{"_et_pb_use_builder":"","_et_pb_old_content":"","_et_gb_content_width":"","footnotes":""},"class_list":["post-1006","page","type-page","status-publish","hentry"],"_links":{"self":[{"href":"https:\/\/www.lvngroom.fi\/sv\/wp-json\/wp\/v2\/pages\/1006","targetHints":{"allow":["GET"]}}],"collection":[{"href":"https:\/\/www.lvngroom.fi\/sv\/wp-json\/wp\/v2\/pages"}],"about":[{"href":"https:\/\/www.lvngroom.fi\/sv\/wp-json\/wp\/v2\/types\/page"}],"author":[{"embeddable":true,"href":"https:\/\/www.lvngroom.fi\/sv\/wp-json\/wp\/v2\/users\/1"}],"replies":[{"embeddable":true,"href":"https:\/\/www.lvngroom.fi\/sv\/wp-json\/wp\/v2\/comments?post=1006"}],"version-history":[{"count":0,"href":"https:\/\/www.lvngroom.fi\/sv\/wp-json\/wp\/v2\/pages\/1006\/revisions"}],"wp:attachment":[{"href":"https:\/\/www.lvngroom.fi\/sv\/wp-json\/wp\/v2\/media?parent=1006"}],"curies":[{"name":"wp","href":"https:\/\/api.w.org\/{rel}","templated":true}]}}